{"id":1224,"date":"2013-04-05T17:31:26","date_gmt":"2013-04-05T17:31:26","guid":{"rendered":"http:\/\/www.kriesi.at\/themes\/enfold\/?page_id=1224"},"modified":"2013-12-06T13:15:45","modified_gmt":"2013-12-06T12:15:45","slug":"help","status":"publish","type":"page","link":"http:\/\/meerfrausylt.de\/?page_id=1224","title":{"rendered":"Das Kleingedruckte"},"content":{"rendered":"<div id='av_section_1'  class='avia-section alternate_color avia-section-default avia-no-shadow  avia-bg-style-scroll  avia-builder-el-0  avia-builder-el-no-sibling   container_wrap fullsize' style=' '  ><div class='container' ><main  role=\"main\" itemprop=\"mainContentOfPage\"  class='template-page content  av-content-full alpha units'><div class='post-entry post-entry-type-page post-entry-1224'><div class='entry-content-wrapper clearfix'>\n<section class=\"av_textblock_section \"  itemscope=\"itemscope\" itemtype=\"https:\/\/schema.org\/CreativeWork\" ><div class='avia_textblock  '   itemprop=\"text\" ><h2 style=\"text-align: center;\"><span style=\"color: #666666;\">Das Kleingedruckte<\/span><\/h2>\n<p style=\"text-align: center;\"><span style=\"color: #666666;\">Teilnahme- und R\u00fccktrittsbedingungen, Privatsph\u00e4re<\/span><\/p>\n<\/div><\/section>\n<div   class='hr hr-short hr-center   avia-builder-el-2  el_after_av_textblock  el_before_av_one_third '><span class='hr-inner ' ><span class='hr-inner-style'><\/span><\/span><\/div>\n<div class=\"flex_column av_one_third  flex_column_div first  avia-builder-el-3  el_after_av_hr  el_before_av_one_third  \" ><article  class=\"iconbox iconbox_top main_color    avia-builder-el-4  avia-builder-el-no-sibling  \"  itemscope=\"itemscope\" itemtype=\"https:\/\/schema.org\/CreativeWork\" ><div class=\"iconbox_content\"><header class=\"entry-content-header\"><div class=\"iconbox_icon heading-color\" aria-hidden='true' data-av_icon='\ue821' data-av_iconfont='entypo-fontello'  ><\/div><h3 class='iconbox_content_title  '  itemprop=\"headline\"  >Teilnahmebedingungen<\/h3><\/header><div class='iconbox_content_container  '  itemprop=\"text\"  ><p><b>f\u00fcr Kurse und Einzelstunden<br \/>\nmit Anja Becker<\/b><\/p>\n<p>Sie stimmen zu, dass die Veranstalter nur f\u00fcr die ordnungsgem\u00e4\u00dfe Pr\u00e4sentation der MeerFit-Programme verantwortlich sind. Sie \u00fcbernehmen die volle Verantwortung f\u00fcr sich und ihre Handlungen f\u00fcr die gesamte Dauer des Kurses. Veranstalter, Kursleiterin und AssistentInnen werden Ihrerseits von allen Haftungs-, Schadensersatz und Genugtuungsanspr\u00fcchen freigestellt, soweit dies gesetzlich m\u00f6glich ist. Alle Seminare vermitteln Hilfe zur Selbsthilfe und ersetzen keinerlei \u00e4rztlich\/therapeutische Behandlung. Sie best\u00e4tigen , dass keine psychischen, physischen oder andere Umst\u00e4nde Ihre Teilnahme als riskant erscheinen lassen und teilen diesbez\u00fcgliche Bedenken vor Seminarbeginn schriftlich mit. Die SeminarleiterInnen sind berechtigt, Teilnehmerinnen vom Kurs auszuschlie\u00dfen, einen Kurs abzusagen, oder qualifizierte Ersatz-Seminarleiter zu stellen.<\/p>\n<p>Bei Ausschluss oder Ausfall des Angebotes besteht gegen\u00fcber den Veranstaltern ausschlie\u00dflich Anspruch auf R\u00fcckgabe von bereits gezahlten Seminargeb\u00fchren f\u00fcr ausgefallene Seminartage. Eine Reiser\u00fccktrittsversicherung wird \u00a0empfohlen.<\/p>\n<p>Alle Zahlungen und Buchungen und sonstigen Fragen, die mit der Unterkunft auf Sylt verbunden sind, fallen nicht unter die Verantwortung von MeerFrauSylt, sondern sind direkt mit den Vermietern, Hotels zu kl\u00e4ren.<\/p>\n<\/div><\/div><footer class=\"entry-footer\"><\/footer><\/article><\/div><div class=\"flex_column av_one_third  flex_column_div   avia-builder-el-5  el_after_av_one_third  el_before_av_one_third  \" ><article  class=\"iconbox iconbox_top main_color    avia-builder-el-6  avia-builder-el-no-sibling  \"  itemscope=\"itemscope\" itemtype=\"https:\/\/schema.org\/CreativeWork\" ><div class=\"iconbox_content\"><header class=\"entry-content-header\"><div class=\"iconbox_icon heading-color\" aria-hidden='true' data-av_icon='\ue83d' data-av_iconfont='entypo-fontello'  ><\/div><h3 class='iconbox_content_title  '  itemprop=\"headline\"  >R\u00fccktrittsbedingungen<\/h3><\/header><div class='iconbox_content_container  '  itemprop=\"text\"  ><p><b>f\u00fcr Kurse und Einzelstunden<br \/>\nmit Anja Becker<\/b><\/p>\n<p>Um nach einer verbindlichen Buchung vom Seminar zur\u00fcckzutreten, ist eine schriftliche Erkl\u00e4rung n\u00f6tig (auch per Email m\u00f6glich). <strong>Rufen Sie mich am besten erstmal an!<\/strong> (04651\/4495733).<br \/>\nEs gelten folgende\u00a0R\u00fccktrittsbedingungen f\u00fcr Wochenende und Wochenkurse:<br \/>\nVom Anzahlungstermin bis 4 Wochen vor Seminarbeginn fallen 50 % der\u00a0Seminargeb\u00fchr an. Zwischen 4 und 2 Wochen vor Seminarbeginn fallen 75% der Seminargeb\u00fchr an, danach 100% der Seminargeb\u00fchr. Bei schriftlicher Absage vor dem Anzahlungstermin entstehen keinerlei Kosten.<\/p>\n<p>F\u00fcr Tagesevents wird bei R\u00fccktritt eine Bearbeitungsgeb\u00fchr von 10 Euro f\u00e4llig. Hat der Programmtag bereits begonnen, wird nichts zur\u00fcckerstattet.<br \/>\nBis zu einer Woche vor dem Termin ist der R\u00fccktritt kostenfrei.<\/p>\n<\/div><\/div><footer class=\"entry-footer\"><\/footer><\/article><\/div><div class=\"flex_column av_one_third  flex_column_div   avia-builder-el-7  el_after_av_one_third  avia-builder-el-last  \" ><article  class=\"iconbox iconbox_top main_color    avia-builder-el-8  avia-builder-el-no-sibling  \"  itemscope=\"itemscope\" itemtype=\"https:\/\/schema.org\/CreativeWork\" ><div class=\"iconbox_content\"><header class=\"entry-content-header\"><div class=\"iconbox_icon heading-color\" aria-hidden='true' data-av_icon='\ue826' data-av_iconfont='entypo-fontello'  ><\/div><h3 class='iconbox_content_title  '  itemprop=\"headline\"  >Privatsph\u00e4re<\/h3><\/header><div class='iconbox_content_container  '  itemprop=\"text\"  ><p><strong>in MeerFit- Kursen<\/strong><\/p>\n<p>Der Schutz Ihrer Privatsph\u00e4re \u00a0ist uns wichtig.<\/p>\n<p>Wir versichern, dass wir \u00a0Informationen, die wir von Ihnen im Kursverlauf erhalten nicht weitergeben, sondern streng vertraulich behandeln.<\/p>\n<p>Wir bitten auch alle Teilnehmerinnen einer Gruppe, \u00a0das zu respektieren.<\/p>\n<\/div><\/div><footer class=\"entry-footer\"><\/footer><\/article><\/div>\n","protected":false},"excerpt":{"rendered":"","protected":false},"author":1,"featured_media":0,"parent":0,"menu_order":0,"comment_status":"open","ping_status":"open","template":"","meta":{"jetpack_post_was_ever_published":false,"footnotes":""},"jetpack_sharing_enabled":true,"jetpack_shortlink":"https:\/\/wp.me\/P4aaeU-jK","_links":{"self":[{"href":"http:\/\/meerfrausylt.de\/index.php?rest_route=\/wp\/v2\/pages\/1224"}],"collection":[{"href":"http:\/\/meerfrausylt.de\/index.php?rest_route=\/wp\/v2\/pages"}],"about":[{"href":"http:\/\/meerfrausylt.de\/index.php?rest_route=\/wp\/v2\/types\/page"}],"author":[{"embeddable":true,"href":"http:\/\/meerfrausylt.de\/index.php?rest_route=\/wp\/v2\/users\/1"}],"replies":[{"embeddable":true,"href":"http:\/\/meerfrausylt.de\/index.php?rest_route=%2Fwp%2Fv2%2Fcomments&post=1224"}],"version-history":[{"count":0,"href":"http:\/\/meerfrausylt.de\/index.php?rest_route=\/wp\/v2\/pages\/1224\/revisions"}],"wp:attachment":[{"href":"http:\/\/meerfrausylt.de\/index.php?rest_route=%2Fwp%2Fv2%2Fmedia&parent=1224"}],"curies":[{"name":"wp","href":"https:\/\/api.w.org\/{rel}","templated":true}]}}