{"id":1324,"date":"2013-04-07T17:44:22","date_gmt":"2013-04-07T17:44:22","guid":{"rendered":"http:\/\/www.kriesi.at\/themes\/enfold\/?page_id=1324"},"modified":"2015-06-09T17:38:58","modified_gmt":"2015-06-09T16:38:58","slug":"landing-page","status":"publish","type":"page","link":"http:\/\/meerfrausylt.de\/?page_id=1324","title":{"rendered":"Was erwartet Sie?"},"content":{"rendered":"<div id='layer_slider_1'  class='avia-layerslider main_color avia-shadow  avia-builder-el-0  el_before_av_one_third  avia-builder-el-first  container_wrap fullsize' style='  height: 471px;' ><\/div><div id='after_layer_slider_1'  class='main_color av_default_container_wrap container_wrap fullsize' style=' '  ><div class='container' ><div class='template-page content  av-content-full alpha units'><div class='post-entry post-entry-type-page post-entry-1324'><div class='entry-content-wrapper clearfix'>\n<div class=\"flex_column av_one_third  flex_column_div first  avia-builder-el-1  el_after_av_layerslider  el_before_av_one_third  avia-builder-el-first  \" ><article  class=\"iconbox iconbox_left    avia-builder-el-2  avia-builder-el-no-sibling  \"  itemscope=\"itemscope\" itemtype=\"https:\/\/schema.org\/CreativeWork\" ><div class=\"iconbox_content\"><header class=\"entry-content-header\"><div class=\"iconbox_icon heading-color\" aria-hidden='true' data-av_icon='\ue8ce' data-av_iconfont='entypo-fontello'  ><\/div><h3 class='iconbox_content_title  '  itemprop=\"headline\"  >Natur pur!<\/h3><\/header><div class='iconbox_content_container  '  itemprop=\"text\"  ><p><span style=\"color: #956a91;\"><strong>Frische, urspr\u00fcngliche Natur.<\/strong><\/span><\/p>\n<p><span style=\"color: #956a91;\"><strong>Klare Luft, gesundes Reizklima.<\/strong><\/span><\/p>\n<p><span style=\"color: #956a91;\"><strong>Die wilde Frische der Sylter Wellen.<\/strong><\/span><\/p>\n<p><span style=\"color: #956a91;\"><strong>40 km Strand ohne Barrieren.<\/strong><\/span><\/p>\n<\/div><\/div><footer class=\"entry-footer\"><\/footer><\/article><\/div>\n<div class=\"flex_column av_one_third  flex_column_div   avia-builder-el-3  el_after_av_one_third  el_before_av_one_third  \" ><article  class=\"iconbox iconbox_left    avia-builder-el-4  avia-builder-el-no-sibling  \"  itemscope=\"itemscope\" itemtype=\"https:\/\/schema.org\/CreativeWork\" ><div class=\"iconbox_content\"><header class=\"entry-content-header\"><div class=\"iconbox_icon heading-color\" aria-hidden='true' data-av_icon='\ue841' data-av_iconfont='entypo-fontello'  ><\/div><h3 class='iconbox_content_title  '  itemprop=\"headline\"  >Bewegung<\/h3><\/header><div class='iconbox_content_container  '  itemprop=\"text\"  ><p><strong><span style=\"color: #956a91;\">Ausgedehnte Wanderungen.<\/span><\/strong><\/p>\n<p><strong><span style=\"color: #956a91;\">Nordic Walking.<\/span><\/strong><\/p>\n<p><strong><span style=\"color: #956a91;\">Strandgymnastik<\/span><\/strong><\/p>\n<p><strong><span style=\"color: #956a91;\">Aktive Klimatherapie<\/span><\/strong><\/p>\n<p><strong><span style=\"color: #956a91;\">Yoga, Meditation, Entspannung.<\/span><\/strong><\/p>\n<\/div><\/div><footer class=\"entry-footer\"><\/footer><\/article><\/div>\n<div class=\"flex_column av_one_third  flex_column_div   avia-builder-el-5  el_after_av_one_third  el_before_av_section  avia-builder-el-last  \" ><article  class=\"iconbox iconbox_left    avia-builder-el-6  avia-builder-el-no-sibling  \"  itemscope=\"itemscope\" itemtype=\"https:\/\/schema.org\/CreativeWork\" ><div class=\"iconbox_content\"><header class=\"entry-content-header\"><div class=\"iconbox_icon heading-color\" aria-hidden='true' data-av_icon='\ue80b' data-av_iconfont='entypo-fontello'  ><\/div><h3 class='iconbox_content_title  '  itemprop=\"headline\"  >Anregende Gespr\u00e4che<\/h3><\/header><div class='iconbox_content_container  '  itemprop=\"text\"  ><p><strong><span style=\"color: #956a91;\">Zusammensein mit Menschen in \u00e4hnlichen Lebenssituationen.<\/span><\/strong><\/p>\n<p><strong><span style=\"color: #956a91;\">Austausch in der Tiefe<\/span><\/strong><\/p>\n<p><strong><span style=\"color: #956a91;\">Beratungsgespr\u00e4che<\/span><\/strong><\/p>\n<p><strong><span style=\"color: #956a91;\">Orientierung finden<\/span><\/strong><\/p>\n<p><strong><span style=\"color: #956a91;\">Stressmanagement<\/span><\/strong><\/p>\n<\/div><\/div><footer class=\"entry-footer\"><\/footer><\/article><\/div><\/div><\/div><\/div><!-- close content main div --><\/div><\/div><div id='av_section_1'  class='avia-section alternate_color avia-section-large avia-shadow  avia-bg-style-scroll  avia-builder-el-7  el_after_av_one_third  el_before_av_promobox   container_wrap fullsize' style=' '  ><div class='container' ><div class='template-page content  av-content-full alpha units'><div class='post-entry post-entry-type-page post-entry-1324'><div class='entry-content-wrapper clearfix'>\n<div class=\"flex_column av_one_third  flex_column_div first  avia-builder-el-8  el_before_av_one_third  avia-builder-el-first  \" ><section class=\"av_textblock_section \"  itemscope=\"itemscope\" itemtype=\"https:\/\/schema.org\/CreativeWork\" ><div class='avia_textblock  '   itemprop=\"text\" ><h3 style=\"text-align: justify;\"><span style=\"color: #666666;\">Auf Sylt tanken Sie auf!<\/span><\/h3>\n<h3 style=\"text-align: justify;\"><span style=\"color: #666666;\">Total relaxt!<\/span><\/h3>\n<p style=\"text-align: justify;\">Sie entdecken, was Ihnen im Wege steht. Sie l\u00f6sen Ihre\u00a0Blockaden und gleiten in tiefe Entspannung. Ich unterst\u00fctze\u00a0Sie mit Einzelgespr\u00e4chen, Stressmanagement und angeleiteten\u00a0\u00dcbungen dabei, Ihre Kraft und Gelassenheit wiederzufinden.\u00a0Die grandiose Sylter Natur, der endlose Strand und\u00a0der frische Wind laden zum Loslassen und Regenerieren ein.\u00a0Meditation und Yoga bringen K\u00f6rper, Geist und Seele in\u00a0Balance.<\/p>\n<h3 style=\"text-align: justify;\"><span style=\"color: #666666;\">Natur pur!<\/span><\/h3>\n<p style=\"text-align: justify;\">Erleben Sie Sylt von seiner sch\u00f6nsten Naturseite! Im\u00a0Rahmen des MeerFit-Programms entdecken Sie die Insel im\u00a0Weltnaturerbe Wattenmeer: Strandparadiese, Nordseewellen,\u00a0Wanderd\u00fcnen, Deichwiesen, Kraft und stille Pl\u00e4tze.\u00a0Dabei sind Sie in der frischesten Luft Deutschlands unterwegs\u00a0und profitieren \u2013 ganz nebenbei \u2013 vom heilenden\u00a0Seeklima. Ihr Immunsystem wird gest\u00e4rkt und Sie finden\u00a0Erholung bei jedem Wetter<\/p>\n<\/div><\/section><\/div><div class=\"flex_column av_one_third  flex_column_div   avia-builder-el-10  el_after_av_one_third  el_before_av_one_third  \" ><section class=\"av_textblock_section \"  itemscope=\"itemscope\" itemtype=\"https:\/\/schema.org\/CreativeWork\" ><div class='avia_textblock  '   itemprop=\"text\" ><h3 style=\"text-align: justify;\"><span style=\"color: #666666;\">Auf Sylt setzen Sie sich neue Ziele!<\/span><\/h3>\n<h3 style=\"text-align: justify;\"><span style=\"color: #666666;\">Klar zur Wende!<\/span><\/h3>\n<p style=\"text-align: justify;\"><span style=\"color: #333333;\">Sie erkennen, was Sie f\u00fcr Ihr pers\u00f6nliches Wohlbefinden\u00a0brauchen. Sie lernen, Grenzen als Herausforderungen anzunehmen.\u00a0Sie setzen neue Ziele. Auf sanfte Weise definieren\u00a0und meistern Sie kleine pers\u00f6nliche, gesundheitsf\u00f6rdernde\u00a0Projekte und \u00e4ndern l\u00e4stige Gewohnheiten. So gest\u00e4rkt gelingt\u00a0es mit neuer Perspektive auf Ihren Alltag zu blicken\u00a0und L\u00f6sungswege zu sichten.<\/span><\/p>\n<h3 style=\"text-align: justify;\"><span style=\"color: #666666; font-size: 1.17em;\">Auf Sylt sch\u00f6pfen Sie Lebenslust!<\/span><\/h3>\n<p><span style=\"color: #333333;\">M\u00f6chten Sie sich wieder mehr sp\u00fcren und\u00a0fit f\u00fcr neue M\u00f6glichkeiten werden?<br \/>\n<\/span>Der Schl\u00fcssel f\u00fcr gute\u00a0Beziehungen ist, die Liebe zu sich selbst wiederzufinden.\u00a0Selbstbewusstsein, Kraft, Lust und Freude am Moment sind\u00a0Wegweiser dorthin. Atemarbeit, Achtsamkeits\u00fcbungen und\u00a0Selbstreflexion werden zu wirkungsvollen Helfern auf der\u00a0Reise zum Selbst und zu erf\u00fcllter Partnerschaft: Schritt f\u00fcr\u00a0Schritt im ganz pers\u00f6nlichen Tempo.<\/p>\n<\/div><\/section><\/div><div class=\"flex_column av_one_third  flex_column_div   avia-builder-el-12  el_after_av_one_third  el_before_av_portfolio  avia-builder-el-last  \" ><section class=\"av_textblock_section \"  itemscope=\"itemscope\" itemtype=\"https:\/\/schema.org\/CreativeWork\" ><div class='avia_textblock  '   itemprop=\"text\" ><h3><span style=\"color: #666666;\">MeerFrau Anja bringt Meer-Energie und Motivation!<\/span><\/h3>\n<h3 style=\"text-align: justify;\"><span style=\"color: #666666;\">Frischw\u00e4rts!<\/span><\/h3>\n<p style=\"text-align: justify;\">1963 auf Sylt geboren, liebe ich seit meiner Kindheit den\u00a0rauen Charme der Sylter Nordseenatur. Rund ums Jahr\u00a0springe ich in die Wellen, entweder badend zur morgendlichen\u00a0Erfrischung, oder ganz sportlich auf meinem Surfbrett.\u00a0Es macht mir Freude, Menschen mit Fingerspitzengef\u00fchl,\u00a0Engagement und Spa\u00df an und ins Meer und damit\u00a0auf den Weg zu mehr Wohlbefinden und Gesundheit zu\u00a0f\u00fchren.<\/p>\n<h3 style=\"text-align: left;\"><span style=\"color: #666666;\">Unsere gemeinsame Insel-Zeit ist gepr\u00e4gt\u00a0von Bewegung, Frische, Tiefe und Freude.<\/span><\/h3>\n<p style=\"text-align: justify;\">Mit meinem MeerFit-Programm biete ich mehrt\u00e4gige\u00a0Kurse in kleinen Gruppen an. Zum Wohle Ihrer Gesundheit\u00a0greifen die Bausteine sinnvoll und effektiv ineinander.\u00a0Alle \u00dcbungen beruhen auf wissenschaftlicher Grundlage\u00a0und meiner langj\u00e4hrigen beruflichen Erfahrung als\u00a0Gesundheitsp\u00e4dagogin. Meine Schwerpunkte sind: Stressmanagement,\u00a0Coaching, Claritywork, Aktive Klimatherapie,\u00a0Nordic Walking, Yoga, Meditation, Achtsamkeits\u00fcbungen,\u00a0Entspannungstechniken&#8230;<\/p>\n<\/div><\/section><\/div><div  id=\"av-sc-portfolio-1\"  class=' grid-sort-container isotope   no_margin-container with-excerpt-container grid-total-even grid-col-4 grid-links-' data-portfolio-id='1'><div data-ajax-id='2378' class=' grid-entry flex_column isotope-item all_sort no_margin post-entry post-entry-2378 grid-entry-overview grid-loop-1 grid-parity-odd  photography_sort  av_one_fourth first default_av_fullwidth '><article class='main_color inner-entry'  itemscope=\"itemscope\" itemtype=\"https:\/\/schema.org\/CreativeWork\" ><a href='http:\/\/meerfrausylt.de\/?portfolio=coaching' title='Coaching'  data-rel='grid-1' class='grid-image avia-hover-fx'> <\/a><div class='grid-content'><div class='avia-arrow'><\/div><header class=\"entry-content-header\"><h3 class='grid-entry-title entry-title '  itemprop=\"headline\" ><a href='http:\/\/meerfrausylt.de\/?portfolio=coaching' title='Coaching'>Coaching<\/a><\/h3><\/header><div class='grid-entry-excerpt entry-content'  itemprop=\"text\" >WASSER<\/div><\/div><footer class=\"entry-footer\"><\/footer><\/article><\/div><div data-ajax-id='46' class=' grid-entry flex_column isotope-item all_sort no_margin post-entry post-entry-46 grid-entry-overview grid-loop-2 grid-parity-even  photography_sort  av_one_fourth  default_av_fullwidth '><article class='main_color inner-entry'  itemscope=\"itemscope\" itemtype=\"https:\/\/schema.org\/CreativeWork\" ><a href='http:\/\/meerfrausylt.de\/?portfolio=slider-two-third' title='Nordic Walking'  data-rel='grid-1' class='grid-image avia-hover-fx'> <\/a><div class='grid-content'><div class='avia-arrow'><\/div><header class=\"entry-content-header\"><h3 class='grid-entry-title entry-title '  itemprop=\"headline\" ><a href='http:\/\/meerfrausylt.de\/?portfolio=slider-two-third' title='Nordic Walking'>Nordic Walking<\/a><\/h3><\/header><div class='grid-entry-excerpt entry-content'  itemprop=\"text\" >LUFT<\/div><\/div><footer class=\"entry-footer\"><\/footer><\/article><\/div><div data-ajax-id='44' class=' grid-entry flex_column isotope-item all_sort no_margin post-entry post-entry-44 grid-entry-overview grid-loop-3 grid-parity-odd  photography_sort  av_one_fourth  default_av_fullwidth '><article class='main_color inner-entry'  itemscope=\"itemscope\" itemtype=\"https:\/\/schema.org\/CreativeWork\" ><a href='http:\/\/meerfrausylt.de\/?portfolio=lorem-ipsum' title='YOGA und mehr'  data-rel='grid-1' class='grid-image avia-hover-fx'> <\/a><div class='grid-content'><div class='avia-arrow'><\/div><header class=\"entry-content-header\"><h3 class='grid-entry-title entry-title '  itemprop=\"headline\" ><a href='http:\/\/meerfrausylt.de\/?portfolio=lorem-ipsum' title='YOGA und mehr'>YOGA und mehr<\/a><\/h3><\/header><div class='grid-entry-excerpt entry-content'  itemprop=\"text\" >ERDE<\/div><\/div><footer class=\"entry-footer\"><\/footer><\/article><\/div><div data-ajax-id='41' class=' grid-entry flex_column isotope-item all_sort no_margin post-entry post-entry-41 grid-entry-overview grid-loop-4 grid-parity-even  post-entry-last  photography_sort  av_one_fourth  default_av_fullwidth '><article class='main_color inner-entry'  itemscope=\"itemscope\" itemtype=\"https:\/\/schema.org\/CreativeWork\" ><a href='http:\/\/meerfrausylt.de\/?portfolio=portfolio-big' title='Die Meerfrau'  data-rel='grid-1' class='grid-image avia-hover-fx'> <\/a><div class='grid-content'><div class='avia-arrow'><\/div><header class=\"entry-content-header\"><h3 class='grid-entry-title entry-title '  itemprop=\"headline\" ><a href='http:\/\/meerfrausylt.de\/?portfolio=portfolio-big' title='Die Meerfrau'>Die Meerfrau<\/a><\/h3><\/header><div class='grid-entry-excerpt entry-content'  itemprop=\"text\" >FEUER<\/div><\/div><footer class=\"entry-footer\"><\/footer><\/article><\/div><\/div>\n\t<div   class='av_promobox  avia-button-yes   avia-builder-el-15  el_after_av_portfolio  el_before_av_textblock  avia-builder-el-first '>\t\t<div class='avia-promocontent'><p><span style=\"color: #6b8a94;\"><strong>Entscheiden Sie sich jetzt f\u00fcr etwas, dass \u00a0wirklich f\u00fcr Sie selbst gedacht ist! G\u00f6nnen Sie sich eine Auszeit!<\/strong><\/span><\/p>\n<\/div><div  class='avia-button-wrap avia-button-right ' ><a href='http:\/\/meerfrausylt.de\/?page_id=1167'  class='avia-button  avia-color-theme-color   avia-icon_select-no avia-size-large avia-position-right '  target=\"_blank\"  rel=\"noopener noreferrer\"  ><span class='avia_iconbox_title' >jetzt buchen<\/span><\/a><\/div><\/div>\n<section class=\"av_textblock_section \"  itemscope=\"itemscope\" itemtype=\"https:\/\/schema.org\/CreativeWork\" ><div class='avia_textblock  '   itemprop=\"text\" ><h2 style=\"text-align: center;\">Was andere sagen<\/h2>\n<\/div><\/section>\n<div   class='hr hr-short hr-center   avia-builder-el-17  el_after_av_textblock  el_before_av_testimonials '><span class='hr-inner ' ><span class='hr-inner-style'><\/span><\/span><\/div>\n<div   data-autoplay='1'  data-interval='5'  data-animation='fade'  data-hoverpause='1'  class='avia-testimonial-wrapper avia-grid-testimonials avia-grid-2-testimonials avia_animate_when_almost_visible   '>\n<section class ='avia-testimonial-row'><div class='avia-testimonial av_one_half flex_column no_margin avia-testimonial-row-1 avia-first-testimonial' ><div class='avia-testimonial_inner'  itemscope=\"itemscope\" itemtype=\"https:\/\/schema.org\/CreativeWork\" ><div class='avia-testimonial-content '  ><div class='avia-testimonial-markup-entry-content'  itemprop=\"text\" ><\/div><\/div><div class='avia-testimonial-meta'><div class='avia-testimonial-arrow-wrap'><div class='avia-arrow'><\/div><\/div><div class='avia-testimonial-meta-mini'  itemprop=\"author\" itemscope=\"itemscope\" itemtype=\"https:\/\/schema.org\/Person\" ><strong  class='avia-testimonial-name'    itemprop=\"name\" >Name<\/strong><\/div><\/div><\/div><\/div>\n<\/section><\/div>\n<\/div><\/div><\/div><!-- close content main div --><\/div><\/div><div id='after_section_1'  class='main_color av_default_container_wrap container_wrap fullsize' style=' '  ><div class='container' ><div class='template-page content  av-content-full alpha units'><div class='post-entry post-entry-type-page post-entry-1324'><div class='entry-content-wrapper clearfix'><\/p>\n\t<div   class='av_promobox  avia-button-yes   avia-builder-el-19  el_after_av_section  avia-builder-el-no-sibling '>\t\t<div class='avia-promocontent'><\/p>\n<h3><span style=\"color: #956a91;\"><strong>Freude\u00a0\u2022 Leben\u00a0\u2022 Jetzt\u00a0\u2022 \u00a0Meer<span style=\"color: #6b8a94;\">Fit<\/span> mit <span style=\"color: #6b8a94;\">Meer<\/span>Frau<\/strong><\/span><\/h3>\n<p>\n<\/div><div  class='avia-button-wrap avia-button-right ' ><a href='http:\/\/meerfrausylt.de\/?page_id=1167'  class='avia-button  avia-color-theme-color   avia-icon_select-yes-left-icon avia-size-large avia-position-right '  target=\"_blank\"  rel=\"noopener noreferrer\"  ><span class='avia_button_icon avia_button_icon_left ' aria-hidden='true' data-av_icon='\ue806' data-av_iconfont='entypo-fontello'><\/span><span class='avia_iconbox_title' >Jetzt!<\/span><\/a><\/div><\/div>\n","protected":false},"excerpt":{"rendered":"<p>This is a Page excerpt. It will be displayed for search results<\/p>\n","protected":false},"author":1,"featured_media":0,"parent":0,"menu_order":0,"comment_status":"open","ping_status":"open","template":"","meta":{"jetpack_post_was_ever_published":false,"footnotes":""},"jetpack_sharing_enabled":true,"jetpack_shortlink":"https:\/\/wp.me\/P4aaeU-lm","_links":{"self":[{"href":"http:\/\/meerfrausylt.de\/index.php?rest_route=\/wp\/v2\/pages\/1324"}],"collection":[{"href":"http:\/\/meerfrausylt.de\/index.php?rest_route=\/wp\/v2\/pages"}],"about":[{"href":"http:\/\/meerfrausylt.de\/index.php?rest_route=\/wp\/v2\/types\/page"}],"author":[{"embeddable":true,"href":"http:\/\/meerfrausylt.de\/index.php?rest_route=\/wp\/v2\/users\/1"}],"replies":[{"embeddable":true,"href":"http:\/\/meerfrausylt.de\/index.php?rest_route=%2Fwp%2Fv2%2Fcomments&post=1324"}],"version-history":[{"count":0,"href":"http:\/\/meerfrausylt.de\/index.php?rest_route=\/wp\/v2\/pages\/1324\/revisions"}],"wp:attachment":[{"href":"http:\/\/meerfrausylt.de\/index.php?rest_route=%2Fwp%2Fv2%2Fmedia&parent=1324"}],"curies":[{"name":"wp","href":"https:\/\/api.w.org\/{rel}","templated":true}]}}