{"id":2207,"date":"2013-06-18T14:18:59","date_gmt":"2013-06-18T14:18:59","guid":{"rendered":"http:\/\/www.kriesi.at\/themes\/enfold\/?page_id=2207"},"modified":"2020-01-18T21:05:41","modified_gmt":"2020-01-18T20:05:41","slug":"home-v8-frontpage-shop","status":"publish","type":"page","link":"https:\/\/meerfrausylt.de\/?page_id=2207","title":{"rendered":"MeerFrau Shop\/Newsletter"},"content":{"rendered":"<div id='layer_slider_1'  class='avia-layerslider main_color avia-shadow  avia-builder-el-0  el_before_av_one_third  avia-builder-el-first  container_wrap fullsize' style='  height: 256px;' ><\/div><div id='after_layer_slider_1'  class='main_color av_default_container_wrap container_wrap fullsize' style=' '  ><div class='container' ><div class='template-page content  av-content-full alpha units'><div class='post-entry post-entry-type-page post-entry-2207'><div class='entry-content-wrapper clearfix'>\n<div class=\"flex_column av_one_third  flex_column_div first  avia-builder-el-1  el_after_av_layerslider  el_before_av_button  avia-builder-el-first  \" ><div  style='padding-bottom:10px; ' class='av-special-heading av-special-heading-h3    avia-builder-el-2  avia-builder-el-no-sibling  '><h3 class='av-special-heading-tag '  itemprop=\"headline\"  >elektronische Flaschenpost<\/h3><div class='special-heading-border'><div class='special-heading-inner-border' ><\/div><\/div><\/div><\/div>\n<div  class='avia-button-wrap avia-button-center  avia-builder-el-3  el_after_av_one_third  el_before_av_promobox ' ><a href='https:\/\/dm-mailinglist.com\/subscribe?f=ad723e57'  class='avia-button  avia-color-theme-color   avia-icon_select-yes-left-icon avia-size-small avia-position-center '   ><span class='avia_button_icon avia_button_icon_left ' aria-hidden='true' data-av_icon='\ue800' data-av_iconfont='entypo-fontello'><\/span><span class='avia_iconbox_title' >Newsletter \"Flaschenpost\" bestellen<\/span><\/a><\/div>\n\t<div   class='av_promobox  avia-button-yes   avia-builder-el-4  el_after_av_button  el_before_av_one_full '>\t\t<div class='avia-promocontent'><p>\nIn unserem Partnershop vom ClarityVerlag finden Sie eine Auswahl an Meditations -CDs, Entspannungen und B\u00fcchern zur pers\u00f6nlichen Weiterentwicklung und \u00fcber Sylt.<\/p>\n<\/div><div  class='avia-button-wrap avia-button-right ' ><a href='https:\/\/clarityverlag.de\/de\/shop\/edition-claritycollection.html' class='avia-button  avia-color-theme-color   avia-icon_select-no avia-size-large avia-position-right ' target=\"_blank\" rel=\"noopener noreferrer\"><span class='avia_iconbox_title' >Jetzt zeigen<\/span><\/a><\/div><\/div>\n<div class=\"flex_column av_one_full  flex_column_div av-zero-column-padding first  avia-builder-el-5  el_after_av_promobox  avia-builder-el-last  \" style='border-radius:0px; '><\/div>\n","protected":false},"excerpt":{"rendered":"","protected":false},"author":1,"featured_media":1933,"parent":0,"menu_order":0,"comment_status":"open","ping_status":"open","template":"template-archives.php","meta":{"jetpack_post_was_ever_published":false,"footnotes":""},"jetpack_sharing_enabled":true,"jetpack_shortlink":"https:\/\/wp.me\/P4aaeU-zB","_links":{"self":[{"href":"https:\/\/meerfrausylt.de\/index.php?rest_route=\/wp\/v2\/pages\/2207"}],"collection":[{"href":"https:\/\/meerfrausylt.de\/index.php?rest_route=\/wp\/v2\/pages"}],"about":[{"href":"https:\/\/meerfrausylt.de\/index.php?rest_route=\/wp\/v2\/types\/page"}],"author":[{"embeddable":true,"href":"https:\/\/meerfrausylt.de\/index.php?rest_route=\/wp\/v2\/users\/1"}],"replies":[{"embeddable":true,"href":"https:\/\/meerfrausylt.de\/index.php?rest_route=%2Fwp%2Fv2%2Fcomments&post=2207"}],"version-history":[{"count":2,"href":"https:\/\/meerfrausylt.de\/index.php?rest_route=\/wp\/v2\/pages\/2207\/revisions"}],"predecessor-version":[{"id":5051,"href":"https:\/\/meerfrausylt.de\/index.php?rest_route=\/wp\/v2\/pages\/2207\/revisions\/5051"}],"wp:featuredmedia":[{"embeddable":true,"href":"https:\/\/meerfrausylt.de\/index.php?rest_route=\/"}],"wp:attachment":[{"href":"https:\/\/meerfrausylt.de\/index.php?rest_route=%2Fwp%2Fv2%2Fmedia&parent=2207"}],"curies":[{"name":"wp","href":"https:\/\/api.w.org\/{rel}","templated":true}]}}