{"id":2251,"date":"2019-03-25T14:29:28","date_gmt":"2019-03-25T13:29:28","guid":{"rendered":"http:\/\/www.kriesi.at\/themes\/enfold\/?page_id=2251"},"modified":"2024-05-07T08:58:48","modified_gmt":"2024-05-07T07:58:48","slug":"home-v7-one-page-portfolio","status":"publish","type":"page","link":"https:\/\/meerfrausylt.de\/","title":{"rendered":"Moin, moin&#8230;"},"content":{"rendered":"<div id='fullscreen_slider_1'  class='avia-fullscreen-slider main_color   avia-builder-el-0  el_before_av_textblock  avia-builder-el-first   container_wrap fullsize' style=' '  ><div   data-size='extra_large'  data-lightbox_size='large'  data-animation='slide'  data-conditional_play=''  data-ids='5142,5110,5138,5137'  data-video_counter='0'  data-autoplay='true'  data-bg_slider='true'  data-slide_height='100'  data-handle='av_fullscreen'  data-interval='5'  data-class=' '  data-el_id=''  data-css_id='fullscreen_slider_1'  data-scroll_down=''  data-control_layout='av-control-default'  data-custom_markup=''  data-perma_caption=''  data-autoplay_stopper=''  data-image_attachment=''  data-min_height='0px'  data-lazy_loading='disabled'  data-stretch=''  data-default-height='100'  class='avia-slideshow avia-slideshow-1  av-control-default av-default-height-applied avia-slideshow-extra_large av_fullscreen   avia-slide-slider '  itemprop=\"image\" itemscope=\"itemscope\" itemtype=\"https:\/\/schema.org\/ImageObject\" ><ul class='avia-slideshow-inner ' style='padding-bottom: 56.266666666667%;' ><li style='background-position:center center;' data-img-url='https:\/\/meerfrausylt.de\/wp-content\/uploads\/2020\/05\/S1330004-1500x844.jpg' class=' slide-1 ' ><div data-rel='slideshow-1' class='avia-slide-wrap '   ><div class = \"caption_fullwidth av-slideshow-caption caption_bottom\"><div class = \"container caption_container\"><div class = \"slideshow_caption\"><div class = \"slideshow_inner_caption\"><div class = \"slideshow_align_caption\"><h2  style='font-size:60px; ' class='avia-caption-title  '  itemprop=\"name\" >MeerFrau Sylt<\/h2><div class='avia-caption-content  av_inherit_color'  itemprop=\"description\"   style='font-size:60px; '><p>SEMINARE DIE BEWEGEN<\/p>\n<\/div><\/div><\/div><\/div><\/div><\/div><\/div><\/li><li style='background-position:center center;' data-img-url='https:\/\/meerfrausylt.de\/wp-content\/uploads\/2020\/05\/GOPR2192-scaled.jpg' class=' slide-2 ' ><div data-rel='slideshow-1' class='avia-slide-wrap '   ><div class = \"caption_fullwidth av-slideshow-caption caption_bottom\"><div class = \"container caption_container\"><div class = \"slideshow_caption\"><div class = \"slideshow_inner_caption\"><div class = \"slideshow_align_caption\"><h2  style='font-size:60px; ' class='avia-caption-title  '  itemprop=\"name\" >Zusammen<\/h2><div class='avia-caption-content  av_inherit_color'  itemprop=\"description\"   style='font-size:60px; '><p>Spass haben!<\/p>\n<\/div><\/div><\/div><\/div><\/div><\/div><\/div><\/li><li style='background-position:center center;' data-img-url='https:\/\/meerfrausylt.de\/wp-content\/uploads\/2020\/05\/Sylt17-1.jpg' class=' slide-3 ' ><div data-rel='slideshow-1' class='avia-slide-wrap '   ><div class = \"caption_fullwidth av-slideshow-caption caption_bottom\"><div class = \"container caption_container\"><div class = \"slideshow_caption\"><div class = \"slideshow_inner_caption\"><div class = \"slideshow_align_caption\"><h2  style='font-size:60px; ' class='avia-caption-title  '  itemprop=\"name\" >Lauf Dich<\/h2><div class='avia-caption-content  av_inherit_color'  itemprop=\"description\"   style='font-size:60px; '><p>gesund!<\/p>\n<\/div><\/div><\/div><\/div><\/div><\/div><\/div><\/li><li style='background-position:center center;' data-img-url='https:\/\/meerfrausylt.de\/wp-content\/uploads\/2020\/05\/D71_1257-scaled.jpg' class=' slide-4 ' ><div data-rel='slideshow-1' class='avia-slide-wrap '   ><div class = \"caption_fullwidth av-slideshow-caption caption_bottom\"><div class = \"container caption_container\"><div class = \"slideshow_caption\"><div class = \"slideshow_inner_caption\"><div class = \"slideshow_align_caption\"><h2  style='font-size:60px; ' class='avia-caption-title  '  itemprop=\"name\" >Aufgespannt<\/h2><div class='avia-caption-content  av_inherit_color'  itemprop=\"description\"   style='font-size:60px; '><p>zwischen Himmel &#038; Erde<\/p>\n<\/div><\/div><\/div><\/div><\/div><\/div><\/div><\/li><\/ul><div class='avia-slideshow-arrows avia-slideshow-controls'><a href='#prev' class='prev-slide' aria-hidden='true' data-av_icon='\ue87c' data-av_iconfont='entypo-fontello'>Zur\u00fcck<\/a><a href='#next' class='next-slide' aria-hidden='true' data-av_icon='\ue87d' data-av_iconfont='entypo-fontello'>Weiter<\/a><\/div><div class='avia-slideshow-dots avia-slideshow-controls'><a href='#1' class='goto-slide active' >1<\/a><a href='#2' class='goto-slide ' >2<\/a><a href='#3' class='goto-slide ' >3<\/a><a href='#4' class='goto-slide ' >4<\/a><\/div><\/div><\/div><div id='after_full_slider_1'  class='main_color av_default_container_wrap container_wrap fullsize' style=' '  ><div class='container' ><div class='template-page content  av-content-full alpha units'><div class='post-entry post-entry-type-page post-entry-2251'><div class='entry-content-wrapper clearfix'>\n<section class=\"av_textblock_section \"  itemscope=\"itemscope\" itemtype=\"https:\/\/schema.org\/CreativeWork\" ><div class='avia_textblock  '   itemprop=\"text\" ><h2 style=\"text-align: justify;\"><\/h2>\n<h2 style=\"text-align: justify;\"><\/h2>\n<h2 style=\"text-align: justify;\"><\/h2>\n<h2 style=\"text-align: justify;\"><\/h2>\n<h2 style=\"text-align: justify;\"><\/h2>\n<h2 style=\"text-align: justify;\"><\/h2>\n<h2 style=\"text-align: justify;\"><em><span style=\"color: #6b8a94;\">Meer<\/span><span style=\"color: #b27bb3;\">Fit-<\/span>\u00a0<span style=\"color: #b27bb3;\">bewegende <span style=\"color: #b27bb3;\">Seminare<\/span><span style=\"color: #b27bb3;\"> auf Syl<\/span>t <span style=\"color: #b27bb3;\">f\u00fcr\u00a0<\/span><\/span><\/em><em><span style=\"color: #b27bb3;\"><span style=\"color: #b27bb3;\">alle die gesund bleiben wollen&#8230;\u00a0<\/span><\/span><\/em><\/h2>\n<h3><strong><a href=\"http:\/\/meerfrausylt.de\/wp-content\/uploads\/2013\/06\/logo.png\"><img loading=\"lazy\" decoding=\"async\" class=\"alignright\" src=\"http:\/\/meerfrausylt.de\/wp-content\/uploads\/2013\/06\/logo.png\" alt=\"logo\" width=\"207\" height=\"76\" \/><\/a><\/strong><\/h3>\n<h2 style=\"text-align: justify;\"><\/h2>\n<h2 style=\"text-align: justify;\"><\/h2>\n<h2 style=\"text-align: justify;\"><\/h2>\n<h2 style=\"text-align: justify;\"><span style=\"color: #6b8a94;\"><a title=\"Infos \u00fcber Bildungsurlaub\" href=\"http:\/\/www.iwwb.de\/weiterbildung.html?seite=26\" target=\"_blank\" rel=\"noopener\"><img loading=\"lazy\" decoding=\"async\" class=\"alignleft size-full wp-image-2824\" src=\"http:\/\/meerfrausylt.de\/wp-content\/uploads\/2013\/06\/BildungsurlaubHinweis.jpg\" alt=\"BildungsurlaubHinweis\" width=\"157\" height=\"127\" \/><\/a><\/span><\/h2>\n<h2 style=\"text-align: justify;\"><\/h2>\n<h2 style=\"text-align: justify;\"><\/h2>\n<h2 style=\"text-align: justify;\"><\/h2>\n<h2 style=\"text-align: justify;\"><\/h2>\n<h2 style=\"text-align: justify;\"><\/h2>\n<h4 style=\"text-align: justify;\"><span style=\"color: #6b8a94;\">Mentale und k\u00f6rperliche Fitness mit Urlaub auf Sylt verbinden!<\/span><\/h4>\n<h4 style=\"text-align: justify;\"><span style=\"color: #956a91;\"><strong>MeerFit-Seminare bieten:<\/strong><\/span><\/h4>\n<ul>\n<li>\n<h4><span style=\"color: #6b8a94;\"><em>Mehrt\u00e4gige Kurse auf \u00a0Sylt<br \/>\n<a href=\"http:\/\/meerfrausylt.de\/wp-content\/uploads\/2020\/05\/P1070728.jpeg\"><img loading=\"lazy\" decoding=\"async\" class=\"alignleft size-medium wp-image-5126\" src=\"http:\/\/meerfrausylt.de\/wp-content\/uploads\/2020\/05\/P1070728-300x280.jpeg\" alt=\"\" width=\"300\" height=\"280\" srcset=\"https:\/\/meerfrausylt.de\/wp-content\/uploads\/2020\/05\/P1070728-300x280.jpeg 300w, https:\/\/meerfrausylt.de\/wp-content\/uploads\/2020\/05\/P1070728-1030x961.jpeg 1030w, https:\/\/meerfrausylt.de\/wp-content\/uploads\/2020\/05\/P1070728-1536x1434.jpeg 1536w, https:\/\/meerfrausylt.de\/wp-content\/uploads\/2020\/05\/P1070728-2048x1912.jpeg 2048w, https:\/\/meerfrausylt.de\/wp-content\/uploads\/2020\/05\/P1070728-1500x1400.jpeg 1500w, https:\/\/meerfrausylt.de\/wp-content\/uploads\/2020\/05\/P1070728-450x420.jpeg 450w, https:\/\/meerfrausylt.de\/wp-content\/uploads\/2020\/05\/P1070728-1320x1232.jpeg 1320w\" sizes=\"(max-width: 300px) 100vw, 300px\" \/><\/a><strong>f\u00fcr M\u00e4nner &amp; Frauen<\/strong>, die in herausragender Meeresnatur auftanken wollen!<\/em><\/span><\/h4>\n<\/li>\n<li>\n<h4><span style=\"color: #6b8a94;\"><em><span style=\"text-align: justify;\">Kleine Gruppen, pers\u00f6nliches Coaching, Gesundheits- und Lebensberatung. Sch\u00f6pfen Sie\u00a0Kraft und Lebensfreude!\u00a0<\/span><\/em><\/span><\/h4>\n<\/li>\n<li>\n<h4><span style=\"color: #6b8a94;\"><em><span style=\"text-align: justify;\">Bewegung und Baden in grandioser Nordseenatur und heilsamem Seeklima<\/span><\/em><\/span><\/h4>\n<\/li>\n<li>\n<h4><span style=\"color: #6b8a94;\"><em><span style=\"text-align: justify;\">Nordic Walking, Yoga, Meditation, Entspannung Naturerlebnis und Stressmanagement in einem wohl<br \/>\naufeinander abgestimmten und daher<br \/>\nhocheffektiven Programm.<\/span><\/em><\/span><\/h4>\n<\/li>\n<\/ul>\n<h4><\/h4>\n<h4><\/h4>\n<h4><\/h4>\n<h4><\/h4>\n<h4><\/h4>\n<h4 style=\"text-align: justify;\"><em><span style=\"color: #6b8a94;\">Meer-<\/span><\/em><span style=\"color: #6b8a94; fr\u00fchjahr und herbst 2019 in der akademie am meer in kampens d\u00fcnen: &lt;\/h4&gt;&lt;h1&gt;&lt;span style=;\">Fit-Kurse 2024 \u00a0 \u00a0 \u00a0 \u00a0 \u00a0 \u00a0 \u00a0 \u00a0 \u00a0 \u00a0 \u00a0 \u00a0 \u00a0 \u00a0 \u00a0 \u00a0 \u00a0 \u00a0 \u00a0 \u00a0 \u00a0 \u00a0<strong>\u00a0<\/strong><\/span><\/h4>\n<section>\n<div>\n<h5 style=\"text-align: left;\"><span style=\"color: #6b8a94;\">Super-Woche zu einem Super-Preis!<\/span><\/h5>\n<\/div>\n<\/section>\n<section>\n<ul>\n<li style=\"list-style-type: none;\">\n<ul>\n<li>\n<h5><strong style=\"color: #993366;\">16. September &#8211; 21. September 2024<\/strong><\/h5>\n<\/li>\n<\/ul>\n<h5><span style=\"color: #993366;\"><strong style=\"font-family: -apple-system, BlinkMacSystemFont, 'Segoe UI', Roboto, Oxygen-Sans, Ubuntu, Cantarell, 'Helvetica Neue', sans-serif; font-size: 16px;\">\u00a0<\/strong><\/span><\/h5>\n<\/li>\n<li><strong style=\"color: #b27bb3;\">oder nach pers\u00f6nlicher Absprache Ihren Terminwunsch mit einer Gruppe Freund\/innen sichern!<\/strong><\/li>\n<\/ul>\n<\/section>\n<h4><\/h4>\n<h2><\/h2>\n<h4><\/h4>\n<h4 style=\"text-align: right;\"><span style=\"color: #956a91;\"><strong><span style=\"font-size: 1em;\">Mit der Sylter Gesundheitsp\u00e4dagogin Anja Becker<\/span><\/strong><\/span><\/h4>\n<p><span style=\"color: #666666;\">Hinweis: Bitte nutzen Sie je nach Ger\u00e4t Ihre Maus, Pfeiltasten oder zwei Finger um diese Seiten von oben nach unten zu scrollen!<\/span><\/p>\n<h4 style=\"text-align: justify;\"><\/h4>\n<\/div><\/section>\n<\/div><\/div><\/div><!-- close content main div --><\/div><\/div><div id='fullscreen_slider_2'  class='avia-fullscreen-slider main_color  av-mini-hide  avia-builder-el-2  el_after_av_textblock  el_before_av_content_slider   slider-not-first container_wrap fullsize' style=' '  ><div   data-size='no scaling'  data-lightbox_size='large'  data-animation='fade'  data-conditional_play=''  data-ids='2320,2322,2323,2329,2492,2502'  data-video_counter='0'  data-autoplay='true'  data-bg_slider='true'  data-slide_height='100'  data-handle='av_fullscreen'  data-interval='5'  data-class=' '  data-el_id=''  data-css_id='fullscreen_slider_2'  data-scroll_down=''  data-control_layout='av-control-default'  data-custom_markup=''  data-perma_caption=''  data-autoplay_stopper=''  data-image_attachment=''  data-min_height='0px'  data-lazy_loading='disabled'  data-stretch=''  class='avia-slideshow avia-slideshow-2  av-control-default av-default-height-applied avia-slideshow-no scaling av_fullscreen   avia-fade-slider '  itemprop=\"image\" itemscope=\"itemscope\" itemtype=\"https:\/\/schema.org\/ImageObject\" ><ul class='avia-slideshow-inner ' style='padding-bottom: 82.654127481714%;' ><li style='background-position:Center Center;' data-img-url='https:\/\/meerfrausylt.de\/wp-content\/uploads\/2013\/06\/IMG00029_1.jpg' class=' slide-1 ' ><div data-rel='slideshow-2' class='avia-slide-wrap '   ><\/div><\/li><li style='background-position:Center Center;' data-img-url='https:\/\/meerfrausylt.de\/wp-content\/uploads\/2013\/06\/DSC_0025.jpeg' class=' slide-2 ' ><div data-rel='slideshow-2' class='avia-slide-wrap '   ><\/div><\/li><li style='background-position:Center Center;' data-img-url='https:\/\/meerfrausylt.de\/wp-content\/uploads\/2013\/06\/IMG4_0002_2.jpeg' class=' slide-3 ' ><div data-rel='slideshow-2' class='avia-slide-wrap '   ><\/div><\/li><li style='background-position:Center Center;' data-img-url='https:\/\/meerfrausylt.de\/wp-content\/uploads\/2013\/06\/IMG_0216.jpeg' class=' slide-4 ' ><div data-rel='slideshow-2' class='avia-slide-wrap '   ><\/div><\/li><li style='background-position:Center Center;' data-img-url='https:\/\/meerfrausylt.de\/wp-content\/uploads\/2013\/06\/DSC_0126_2.jpeg' class=' slide-5 ' ><div data-rel='slideshow-2' class='avia-slide-wrap '   ><\/div><\/li><\/ul><div class='avia-slideshow-arrows avia-slideshow-controls'><a href='#prev' class='prev-slide' aria-hidden='true' data-av_icon='\ue87c' data-av_iconfont='entypo-fontello'>Zur\u00fcck<\/a><a href='#next' class='next-slide' aria-hidden='true' data-av_icon='\ue87d' data-av_iconfont='entypo-fontello'>Weiter<\/a><\/div><div class='avia-slideshow-dots avia-slideshow-controls'><a href='#1' class='goto-slide active' >1<\/a><a href='#2' class='goto-slide ' >2<\/a><a href='#3' class='goto-slide ' >3<\/a><a href='#4' class='goto-slide ' >4<\/a><a href='#5' class='goto-slide ' >5<\/a><\/div><\/div><\/div><div id='after_full_slider_2'  class='main_color av_default_container_wrap container_wrap fullsize' style=' '  ><div class='container' ><div class='template-page content  av-content-full alpha units'><div class='post-entry post-entry-type-page post-entry-2251'><div class='entry-content-wrapper clearfix'>\n<div   data-autoplay='false'  data-interval='5'  data-animation='slide'  data-show_slide_delay='30'  class='avia-content-slider-element-container avia-content-slider-element-slider avia-content-slider avia-smallarrow-slider avia-content-slider-active avia-content-slider1 avia-content-slider-odd  avia-builder-el-3  el_after_av_fullscreen  el_before_av_one_full  avia-builder-el-first  ' ><div class='avia-smallarrow-slider-heading  no-content-slider-heading '><div class='new-special-heading'>&nbsp;<\/div><div class='avia-slideshow-arrows avia-slideshow-controls'><a href='#prev' class='prev-slide' aria-hidden='true' data-av_icon='\ue87c' data-av_iconfont='entypo-fontello'>Zur\u00fcck<\/a><a href='#next' class='next-slide' aria-hidden='true' data-av_icon='\ue87d' data-av_iconfont='entypo-fontello'>Weiter<\/a><\/div><\/div><div class='avia-content-slider-inner'><div class='slide-entry-wrap'><section class='slide-entry flex_column post-entry slide-entry-overview slide-loop-1 slide-parity-odd  av_fullwidth first'  itemscope=\"itemscope\" itemtype=\"https:\/\/schema.org\/CreativeWork\" ><h3 class='slide-entry-title entry-title '  itemprop=\"headline\" >Das sagen TeilnehmerInnen...<\/h3><div class='slide-entry-excerpt entry-content'  itemprop=\"text\" ><p>Liebe Anja,<\/p>\n<p>nachdem das tolle MeerFit Seminar leider schon einige Zeit vorbei ist und der Alltag in gewohnter Weise zuschl\u00e4gt, m\u00f6chte ich mich doch nochmal bei Dir melden.<\/p>\n<p>Es waren wundervolle Tage, die ich als sehr exklusive Zeit, einfach nur mal f\u00fcr mich, wahrgenommen habe.<\/p>\n<p>Das traumhafte Wetter sehe ich als Geschenk Gottes, aber f\u00fcr die gelungene Veranstaltung m\u00f6chte ich mich bei Dir bedanken. Die Mischung von Theorie und Praxis sowie An- und Entspannung (auch wenn ich aufgrund meines Fu\u00dfes eingeschr\u00e4nkt war) fand ich einfach perfekt. Du hast auf mich einen authentischen Eindruck gemacht und Deine Theorie war alltagstauglich und praxisnah, ohne Schnickschnack und Ged\u00f6ns &#8211; einfach super!<\/p>\n<p>Ich hoffe, es gelingt mir, das sch\u00f6ne Gef\u00fchl noch einige Zeit zu bewahren, denn die eigentliche Kunst ist es, auf sich aufzupassen und sich vor den \u00fcblichen Alltagsfallen zu sch\u00fctzen.<\/p>\n<p>Im August kommen wir wieder nach Sylt und dann werde ich auf jeden Fall nochmal das magische \u00d6rtchen am entlegenen Strandabschnitt Klappholttal besuchen.<\/p>\n<p>Ich w\u00fcnsche Dir alles Gute und vielleicht sehen wir uns mal wieder \ud83d\ude42<\/p>\n<p>Es gr\u00fc\u00dft Dich herzlich<\/p>\n<p>Simone<\/p>\n<\/div><\/section><\/div><div class='slide-entry-wrap'><section class='slide-entry flex_column post-entry slide-entry-overview slide-loop-2 slide-parity-odd  post-entry-last  av_fullwidth first'  itemscope=\"itemscope\" itemtype=\"https:\/\/schema.org\/CreativeWork\" ><h3 class='slide-entry-title entry-title '  itemprop=\"headline\" >Slide 2<\/h3><div class='slide-entry-excerpt entry-content'  itemprop=\"text\" ><p>Slide Content goes here<\/p>\n<\/div><\/section><\/div><\/div><\/div>\n<div class=\"flex_column av_one_full  flex_column_div first  avia-builder-el-4  el_after_av_content_slider  el_before_av_hr  \" ><p><div   class='hr hr-short hr-center   avia-builder-el-5  el_before_av_textblock  avia-builder-el-first '><span class='hr-inner ' ><span class='hr-inner-style'><\/span><\/span><\/div><br \/>\n<section class=\"av_textblock_section \"  itemscope=\"itemscope\" itemtype=\"https:\/\/schema.org\/CreativeWork\" ><div class='avia_textblock  '   itemprop=\"text\" ><h2><span style=\"color: #996693;\">s a m<\/span> <span style=\"color: #996693;\">m e l n<\/span> <span style=\"color: #63829b;\">\u2022<\/span>\u00a0<span style=\"color: #63829b;\">s t \u00e4 r k e n<\/span> <span style=\"color: #63829b;\">\u2022<\/span>\u00a0<span style=\"color: #996693;\">b e w e g e n<\/span> <span style=\"color: #63829b;\">\u2022<\/span>\u00a0<span style=\"color: #63829b;\">v e r \u00e4 n d e r n<\/span><\/h2>\n<\/div><\/section><br \/>\n<div  style='height:30px' class='hr hr-invisible   avia-builder-el-7  el_after_av_textblock  el_before_av_button '><span class='hr-inner ' ><span class='hr-inner-style'><\/span><\/span><\/div><br \/>\n<div  class='avia-button-wrap avia-button-center  avia-builder-el-8  el_after_av_hr  avia-builder-el-last ' ><a href='https:\/\/meerfrausylt.de\/?cat=15'  class='avia-button  avia-color-theme-color   avia-icon_select-yes-left-icon avia-size-large avia-position-center '  target=\"_blank\"  rel=\"noopener noreferrer\"  ><span class='avia_button_icon avia_button_icon_left ' aria-hidden='true' data-av_icon='\ue841' data-av_iconfont='entypo-fontello'><\/span><span class='avia_iconbox_title' >Darum geht es mir !<\/span><\/a><\/div><\/p><\/div>\n<div  style='height:70px' class='hr hr-invisible   avia-builder-el-9  el_after_av_one_full  el_before_av_section  avia-builder-el-last '><span class='hr-inner ' ><span class='hr-inner-style'><\/span><\/span><\/div>\n<\/div><\/div><\/div><!-- close content main div --><\/div><\/div><div id='contact'  class='avia-section main_color avia-section-large avia-no-shadow  avia-bg-style-scroll  avia-builder-el-10  el_after_av_hr  el_before_av_one_full   container_wrap fullsize' style=' '  ><div class='container' ><div class='template-page content  av-content-full alpha units'><div class='post-entry post-entry-type-page post-entry-2251'><div class='entry-content-wrapper clearfix'>\n<form action=\"https:\/\/meerfrausylt.de\/\" method=\"post\"  class=\"avia_ajax_form av-form-labels-visible   avia-builder-el-11  el_before_av_promobox  avia-builder-el-first   \" data-avia-form-id=\"1\" data-avia-redirect='' ><h3 class=''>Senden Sie uns eine Email<\/h3><fieldset><p class='  first_form  form_element form_element_half' id='element_avia_1_1'><label for=\"avia_1_1\">Name <abbr class=\"required\" title=\"ben\u00f6tigt\">*<\/abbr><\/label> <input name=\"avia_1_1\" class=\"text_input is_empty\" type=\"text\" id=\"avia_1_1\" value=\"\" \/><\/p><p class='  form_element form_element_half' id='element_avia_2_1'><label for=\"avia_2_1\">E-Mail <abbr class=\"required\" title=\"ben\u00f6tigt\">*<\/abbr><\/label> <input name=\"avia_2_1\" class=\"text_input is_email\" type=\"text\" id=\"avia_2_1\" value=\"\" \/><\/p><p class='  first_form  form_element form_fullwidth' id='element_avia_3_1'><label for=\"avia_3_1\">Worum geht es? <abbr class=\"required\" title=\"ben\u00f6tigt\">*<\/abbr><\/label> <input name=\"avia_3_1\" class=\"text_input is_empty\" type=\"text\" id=\"avia_3_1\" value=\"\" \/><\/p><p class='  first_form  form_element form_fullwidth av-last-visible-form-element' id='element_avia_4_1'><label for=\"avia_4_1\" class=\"textare_label hidden textare_label_avia_4_1\">Nachricht <abbr class=\"required\" title=\"ben\u00f6tigt\">*<\/abbr><\/label><textarea  name=\"avia_4_1\" class=\"text_area is_empty\" cols=\"40\" rows=\"7\" id=\"avia_4_1\" ><\/textarea><\/p><p class=\"hidden\"><input type=\"text\" name=\"avia_5_1\" class=\"hidden \" id=\"avia_5_1\" value=\"\" \/><\/p><p class=\"form_element \"><input type=\"hidden\" value=\"1\" name=\"avia_generated_form1\" \/><input type=\"submit\" value=\"Absenden\" class=\"button\"  data-sending-label=\"Sende\"\/><\/p><\/fieldset><\/form><div id=\"ajaxresponse_1\" class=\"ajaxresponse ajaxresponse_1 hidden\"><\/div>\n\t<div   class='av_promobox  avia-button-no   avia-builder-el-12  el_after_av_contact  avia-builder-el-last '>\t\t<div class='avia-promocontent'><h4>Hier bitte \u00a0\u00a0<a href=\"http:\/\/meerfrausylt.de\/wp-content\/uploads\/2013\/06\/MeerFrau_Flyer_6S_DL_Neu_2015_aussen.pdf\">MeerFrauFlyer aussen<\/a><\/h4>\n<h4><a href=\"http:\/\/meerfrausylt.de\/wp-content\/uploads\/2013\/06\/MeerFrau_Flyer_6S_DL_Neu_2015_innen.pdf\">MeerFrauFlyer innen<\/a>,<\/h4>\n<h4>downloaden<\/h4>\n<\/div><\/div>\n<\/div><\/div><\/div><!-- close content main div --><\/div><\/div><div id='after_section_1'  class='main_color av_default_container_wrap container_wrap fullsize' style=' '  ><div class='container' ><div class='template-page content  av-content-full alpha units'><div class='post-entry post-entry-type-page post-entry-2251'><div class='entry-content-wrapper clearfix'>\n<div class=\"flex_column av_one_full  flex_column_div first  avia-builder-el-13  el_after_av_section  el_before_av_heading  avia-builder-el-first  \" ><\/div>\n<div  style='padding-bottom:10px; ' class='av-special-heading av-special-heading-h3    avia-builder-el-14  el_after_av_one_full  el_before_av_textblock  '><h3 class='av-special-heading-tag '  itemprop=\"headline\"  >Aktuelle Meldung<\/h3><div class='special-heading-border'><div class='special-heading-inner-border' ><\/div><\/div><\/div>\n<section class=\"av_textblock_section \"  itemscope=\"itemscope\" itemtype=\"https:\/\/schema.org\/CreativeWork\" ><div class='avia_textblock  '   itemprop=\"text\" ><p><strong>Die Meerfrau ist Titelstory bei der \u00a0Nordseeb\u00e4derverbands Kampagne<span style=\"text-decoration: underline;\"><a href=\"http:\/\/www.nordseetourismus.de\/de\/meerfit-auch-in-herbst-und-winter-5-nordsee-aktiv-tipps-fuer-jedes-wetter\"> &#8222;Urlaubsgl\u00fcck*&#8220;<\/a><\/span><\/strong><\/p>\n<p><strong>NDR -NordTour brachte im Dezember 2019 ein <a href=\"_wp_link_placeholder\" data-wplink-edit=\"true\">Portrait \u00fcber die MeerFrau Anja Becker.<\/a><\/strong><\/p>\n<\/div><\/section>\n","protected":false},"excerpt":{"rendered":"","protected":false},"author":1,"featured_media":0,"parent":0,"menu_order":0,"comment_status":"open","ping_status":"open","template":"","meta":{"jetpack_post_was_ever_published":false,"footnotes":""},"jetpack_sharing_enabled":true,"jetpack_shortlink":"https:\/\/wp.me\/P4aaeU-Aj","_links":{"self":[{"href":"https:\/\/meerfrausylt.de\/index.php?rest_route=\/wp\/v2\/pages\/2251"}],"collection":[{"href":"https:\/\/meerfrausylt.de\/index.php?rest_route=\/wp\/v2\/pages"}],"about":[{"href":"https:\/\/meerfrausylt.de\/index.php?rest_route=\/wp\/v2\/types\/page"}],"author":[{"embeddable":true,"href":"https:\/\/meerfrausylt.de\/index.php?rest_route=\/wp\/v2\/users\/1"}],"replies":[{"embeddable":true,"href":"https:\/\/meerfrausylt.de\/index.php?rest_route=%2Fwp%2Fv2%2Fcomments&post=2251"}],"version-history":[{"count":41,"href":"https:\/\/meerfrausylt.de\/index.php?rest_route=\/wp\/v2\/pages\/2251\/revisions"}],"predecessor-version":[{"id":5364,"href":"https:\/\/meerfrausylt.de\/index.php?rest_route=\/wp\/v2\/pages\/2251\/revisions\/5364"}],"wp:attachment":[{"href":"https:\/\/meerfrausylt.de\/index.php?rest_route=%2Fwp%2Fv2%2Fmedia&parent=2251"}],"curies":[{"name":"wp","href":"https:\/\/api.w.org\/{rel}","templated":true}]}}